{"id":7883,"date":"2025-09-11T18:05:48","date_gmt":"2025-09-11T15:05:48","guid":{"rendered":"https:\/\/aliyavuzcehrevakfi.org\/?page_id=7883"},"modified":"2025-09-11T18:05:50","modified_gmt":"2025-09-11T15:05:50","slug":"ali-yavuzcehre-cup-t400","status":"publish","type":"page","link":"https:\/\/aliyavuzcehrevakfi.org\/en\/ali-yavuzcehre-cup-t400\/","title":{"rendered":"Ali Yavuz\u00e7ehre Cup T400"},"content":{"rendered":"<div class=\"wp-block-group eplus-wrapper is-layout-flow wp-block-group-is-layout-flow\">\n<div class=\"wp-block-cover is-light has-parallax eplus-wrapper\"><div class=\"wp-block-cover__image-background wp-image-6347 size-large has-parallax\" style=\"background-position:50% 50%;background-image:url(https:\/\/aliyavuzcehrevakfi.org\/wp-content\/uploads\/2025\/01\/t200-Cup-1024x682.jpg)\"><\/div><span aria-hidden=\"true\" class=\"wp-block-cover__background has-background-dim\" style=\"background-color:#a67c66\"><\/span><div class=\"wp-block-cover__inner-container has-global-padding is-layout-constrained wp-block-cover-is-layout-constrained\">\n<h2 class=\"wp-block-heading has-text-align-center has-background-color has-text-color has-poppins-font-family eplus-wrapper\" style=\"font-size:clamp(33.419px, 2.089rem + ((1vw - 3.2px) * 2.077), 60px);font-style:normal;font-weight:700\">AL\u0130 YAVUZ\u00c7EHRE CUP<\/h2>\n\n\n\n<h2 class=\"wp-block-heading has-text-align-center has-background-color has-text-color has-large-font-size eplus-wrapper\"><strong>T400 Masters<\/strong><\/h2>\n<\/div><\/div>\n<\/div>\n\n\n\n<div style=\"height:20px\" aria-hidden=\"true\" class=\"wp-block-spacer eplus-wrapper\"><\/div>\n\n\n\n<div class=\"wp-block-group eplus-wrapper has-global-padding is-layout-constrained wp-block-group-is-layout-constrained\">\n<p class=\"has-poppins-font-family eplus-wrapper wp-block-paragraph\" style=\"font-size:14px;text-transform:none\"><strong>Denizli&#8217;de tenis tutkunlar\u0131 bir araya geldi!<\/strong><\/p>\n\n\n\n<p class=\"has-poppins-font-family eplus-wrapper wp-block-paragraph\" style=\"font-size:14px;text-transform:none\">Her y\u0131l Ali Yavuz\u00e7ehre Vakf\u0131 taraf\u0131ndan Denizli\u2019de d\u00fczenlenen&nbsp;<strong>Ali Yavuz\u00e7ehre Cup T400 Masters Tenis Turnuvas\u0131<\/strong>, bu y\u0131l \u00fc\u00e7\u00fcnc\u00fc kez ger\u00e7ekle\u015ftiriliyor.<br><strong>2 \u2013 12 Ekim 2025<\/strong>&nbsp;tarihleri aras\u0131nda&nbsp;<strong>Pamukkale Tenis Kul\u00fcb\u00fc<\/strong>&nbsp;ev sahipli\u011finde yap\u0131lacak turnuvan\u0131n detaylar\u0131na a\u015fa\u011f\u0131dan ula\u015fabilirsiniz.<\/p>\n\n\n\n<p class=\"has-poppins-font-family eplus-wrapper wp-block-paragraph\" style=\"font-size:14px;text-transform:none\"><strong>Turnuva Kategorileri<\/strong><\/p>\n\n\n\n<p class=\"has-poppins-font-family eplus-wrapper wp-block-paragraph\" style=\"font-size:14px;text-transform:none\">Erkek ve Kad\u0131n \u00c7ift 18+<\/p>\n\n\n\n<p class=\"has-poppins-font-family eplus-wrapper wp-block-paragraph\" style=\"font-size:14px;text-transform:none\">Erkek Tek 30+35+40+45+50+55+60+65+70+75+80+<\/p>\n\n\n\n<p class=\"has-poppins-font-family eplus-wrapper wp-block-paragraph\" style=\"font-size:14px;text-transform:none\">Kad\u0131n Tek 30+35+40+45+50+55+60+65+70+75+80+<\/p>\n\n\n\n<p class=\"has-poppins-font-family eplus-wrapper wp-block-paragraph\" style=\"font-size:14px;text-transform:none\">Erkek \u00c7\u0130ft 30+35+40+45+50+55+60+65+70+75+<\/p>\n\n\n\n<p class=\"has-poppins-font-family eplus-wrapper wp-block-paragraph\" style=\"font-size:14px;text-transform:none\">Kad\u0131n \u00c7\u0130ft 30+35+40+45+50+55+60+65+70+<\/p>\n\n\n\n<p class=\"has-poppins-font-family eplus-wrapper wp-block-paragraph\" style=\"font-size:14px;text-transform:none\">Erkek ve Kad\u0131n \u00c7\u0130ft 30+35+40+45+50+55+60+65+<\/p>\n\n\n\n<p class=\"has-poppins-font-family eplus-wrapper wp-block-paragraph\" style=\"font-size:14px;text-transform:none\">\u0130lk Ad\u0131m Erkek Tek 40+ 40-<\/p>\n\n\n\n<p class=\"has-poppins-font-family eplus-wrapper wp-block-paragraph\" style=\"font-size:14px;text-transform:none\">\u0130lk Ad\u0131m Kad\u0131n Tek 40+ 40-<\/p>\n\n\n\n<p class=\"has-poppins-font-family eplus-wrapper wp-block-paragraph\" style=\"font-size:14px;text-transform:none\">Erkek Tek 18+<\/p>\n\n\n\n<p class=\"has-poppins-font-family eplus-wrapper wp-block-paragraph\" style=\"font-size:14px;text-transform:none\">Kad\u0131n Tek 18+<\/p>\n\n\n\n<p class=\"has-poppins-font-family eplus-wrapper wp-block-paragraph\" style=\"font-size:14px;text-transform:none\">\ud83d\udccc&nbsp;<strong>Son Ba\u015fvuru Tarihi:<\/strong>&nbsp;29 Eyl\u00fcl 2025<br>\ud83d\udcce&nbsp;<strong>Ba\u015fvuru Linki:<\/strong>&nbsp;<a rel=\"noreferrer noopener\" target=\"_blank\" href=\"https:\/\/www.ikort.com.tr\/turnuva-detay\/4997?page=turnuvabilgisi\">ikort.com.tr\/turnuva-detay\/4997?page=turnuvabilgisi<\/a><\/p>\n\n\n\n<p class=\"has-poppins-font-family eplus-wrapper wp-block-paragraph\" style=\"font-size:14px;text-transform:none\"><strong><u>Konaklama:<\/u><\/strong><\/p>\n\n\n\n<p class=\"has-poppins-font-family eplus-wrapper wp-block-paragraph\" style=\"font-size:14px;text-transform:none\">Sporcular\u0131m\u0131z ve aileleri, turnuva s\u00fcresince&nbsp;<strong>Denizli North Point Otel<\/strong>\u2019de \u00f6zel indirimli konaklama f\u0131rsatlar\u0131ndan yararlanabilir.<\/p>\n\n\n\n<p class=\"has-poppins-font-family eplus-wrapper wp-block-paragraph\" style=\"font-size:14px;text-transform:none\"><strong>Denizli North Point Otel \u0130leti\u015fim:<\/strong>&nbsp; 0 (258) 213 12 21&nbsp;<\/p>\n\n\n\n<p class=\"has-poppins-font-family eplus-wrapper wp-block-paragraph\" style=\"font-size:14px;text-transform:none\"><strong>Mail adresi:&nbsp;<\/strong>info.denizli@northpoint.com.tr<\/p>\n\n\n\n<p class=\"has-poppins-font-family eplus-wrapper wp-block-paragraph\" style=\"font-size:14px;text-transform:none\"><strong><u>\u0130leti\u015fim:<\/u><\/strong><\/p>\n\n\n\n<p class=\"has-poppins-font-family eplus-wrapper wp-block-paragraph\" style=\"font-size:14px;text-transform:none\">Turnuva ile ilgili t\u00fcm detayl\u0131 bilgi i\u00e7in:<br><strong>Pamukkale Tenis Kul\u00fcb\u00fc \u0130leti\u015fim:<\/strong>&nbsp;0 533 960 15 93<\/p>\n<\/div>\n\n\n\n<div class=\"wp-block-group alignfull eplus-wrapper has-global-padding is-content-justification-center is-layout-constrained wp-container-core-group-is-layout-a6796131 wp-block-group-is-layout-constrained\" style=\"margin-top:0;margin-bottom:0;padding-top:calc( 0.5 * var(--wp--style--root--padding-right, var(--wp--custom--gap--horizontal)));padding-right:var(--wp--style--root--padding-right, var(--wp--custom--gap--horizontal));padding-bottom:calc( 0.5 * var(--wp--style--root--padding-right, var(--wp--custom--gap--horizontal)));padding-left:var(--wp--style--root--padding-left, var(--wp--custom--gap--horizontal))\">\n\n<div style=\"height:calc( 0.25 * var(--wp--style--root--padding-right, var(--wp--custom--gap--horizontal)))\" aria-hidden=\"true\" class=\"wp-block-spacer eplus-wrapper\"><\/div>\n\n\n<div style=\"height:calc( 0.25 * var(--wp--style--root--padding-right, var(--wp--custom--gap--horizontal)))\" aria-hidden=\"true\" class=\"wp-block-spacer eplus-wrapper\"><\/div>\n\n<\/div>","protected":false},"excerpt":{"rendered":"<p>Denizli&#8217;de tenis tutkunlar\u0131 bir araya geldi! Her y\u0131l Ali Yavuz\u00e7ehre Vakf\u0131 taraf\u0131ndan Denizli\u2019de d\u00fczenlenen&nbsp;Ali Yavuz\u00e7ehre Cup T400 Masters Tenis Turnuvas\u0131, bu y\u0131l \u00fc\u00e7\u00fcnc\u00fc kez ger\u00e7ekle\u015ftiriliyor.2 \u2013 12 Ekim 2025&nbsp;tarihleri aras\u0131nda&nbsp;Pamukkale Tenis Kul\u00fcb\u00fc&nbsp;ev sahipli\u011finde yap\u0131lacak turnuvan\u0131n detaylar\u0131na a\u015fa\u011f\u0131dan ula\u015fabilirsiniz. Turnuva Kategorileri Erkek ve Kad\u0131n \u00c7ift 18+ Erkek Tek 30+35+40+45+50+55+60+65+70+75+80+ Kad\u0131n Tek 30+35+40+45+50+55+60+65+70+75+80+ Erkek \u00c7\u0130ft 30+35+40+45+50+55+60+65+70+75+ Kad\u0131n [&hellip;]<\/p>","protected":false},"author":237252097,"featured_media":3103,"parent":0,"menu_order":0,"comment_status":"closed","ping_status":"closed","template":"","meta":{"_eb_attr":"","_crdt_document":"","editor_plus_copied_stylings":"{}","advanced_seo_description":"","jetpack_seo_html_title":"","jetpack_seo_noindex":false,"footnotes":""},"class_list":["post-7883","page","type-page","status-publish","has-post-thumbnail","hentry"],"jetpack_likes_enabled":true,"jetpack_sharing_enabled":true,"jetpack_shortlink":"https:\/\/wp.me\/PeXqFS-239","_links":{"self":[{"href":"https:\/\/aliyavuzcehrevakfi.org\/en\/wp-json\/wp\/v2\/pages\/7883","targetHints":{"allow":["GET"]}}],"collection":[{"href":"https:\/\/aliyavuzcehrevakfi.org\/en\/wp-json\/wp\/v2\/pages"}],"about":[{"href":"https:\/\/aliyavuzcehrevakfi.org\/en\/wp-json\/wp\/v2\/types\/page"}],"author":[{"embeddable":true,"href":"https:\/\/aliyavuzcehrevakfi.org\/en\/wp-json\/wp\/v2\/users\/237252097"}],"replies":[{"embeddable":true,"href":"https:\/\/aliyavuzcehrevakfi.org\/en\/wp-json\/wp\/v2\/comments?post=7883"}],"version-history":[{"count":9,"href":"https:\/\/aliyavuzcehrevakfi.org\/en\/wp-json\/wp\/v2\/pages\/7883\/revisions"}],"predecessor-version":[{"id":8352,"href":"https:\/\/aliyavuzcehrevakfi.org\/en\/wp-json\/wp\/v2\/pages\/7883\/revisions\/8352"}],"wp:featuredmedia":[{"embeddable":true,"href":"https:\/\/aliyavuzcehrevakfi.org\/en\/wp-json\/wp\/v2\/media\/3103"}],"wp:attachment":[{"href":"https:\/\/aliyavuzcehrevakfi.org\/en\/wp-json\/wp\/v2\/media?parent=7883"}],"curies":[{"name":"wp","href":"https:\/\/api.w.org\/{rel}","templated":true}]}}