{"id":2895,"date":"2023-08-17T02:33:35","date_gmt":"2023-08-16T23:33:35","guid":{"rendered":"https:\/\/aliyavuzcehrevakfi.org\/?page_id=2895"},"modified":"2023-08-21T10:08:31","modified_gmt":"2023-08-21T07:08:31","slug":"tce","status":"publish","type":"page","link":"https:\/\/aliyavuzcehrevakfi.org\/en\/tce\/","title":{"rendered":"Social Gender Equality"},"content":{"rendered":"<div class=\"wp-block-group eplus-wrapper is-layout-flow wp-block-group-is-layout-flow\">\n<div class=\"wp-block-cover is-light has-parallax eplus-wrapper\"><span aria-hidden=\"true\" class=\"wp-block-cover__background has-background-dim\"><\/span><div role=\"img\" class=\"wp-block-cover__image-background wp-image-2903 has-parallax\" style=\"background-position:50% 50%;background-image:url(https:\/\/aliyavuzcehrevakfi.org\/wp-content\/uploads\/2023\/08\/DSC_1775-copy.jpg)\"><\/div><div class=\"wp-block-cover__inner-container has-global-padding is-layout-constrained wp-block-cover-is-layout-constrained\">\n<h2 class=\"wp-block-heading has-text-align-center has-background-color has-text-color has-poppins-font-family eplus-wrapper\" style=\"font-size:clamp(33.419px, 2.089rem + ((1vw - 3.2px) * 2.077), 60px);font-style:normal;font-weight:700\">Social Gender Equality<\/h2>\n\n\n\n<h2 class=\"wp-block-heading has-text-align-center has-background-color has-text-color has-large-font-size eplus-wrapper\"><\/h2>\n<\/div><\/div>\n<\/div>\n\n\n\n<div class=\"wp-block-group eplus-wrapper has-global-padding is-layout-constrained wp-container-core-group-is-layout-4cd7f32b wp-block-group-is-layout-constrained\" style=\"padding-top:var(--wp--preset--spacing--60);padding-right:0.44rem;padding-bottom:var(--wp--preset--spacing--60);padding-left:0.44rem\">\n<p class=\"has-poppins-font-family has-large-font-size eplus-wrapper wp-block-paragraph\" style=\"text-transform:none\"><strong>MAINSTREAMING OF SOCIAL GENDER EQUALITY<\/strong><\/p>\n\n\n\n<p class=\"has-poppins-font-family eplus-wrapper wp-block-paragraph\" style=\"font-size:14px;text-transform:none\">Globally, it is observed that inequalities between genders are escalating in terms of women's education, participation in economic life, opportunities and presence in the political areana. This inequality leads to profound differences and inequalities of opportunity in our country. Studies on existing discrimination and inequalities are a predicament not only for non-governmental organizations but also for society.<\/p>\n\n\n\n<p class=\"has-poppins-font-family eplus-wrapper wp-block-paragraph\" style=\"font-size:14px;text-transform:none\">As Ali Yavuz\u00e7ehre Foundation, we believe in the transformative effect of change. With this belief,<\/p>\n\n\n\n<p class=\"has-poppins-font-family eplus-wrapper wp-block-paragraph\" style=\"font-size:14px;text-transform:none\">we strive to mainstream gender, which is an integral part of the human rights-based approach.<\/p>\n\n\n\n<p class=\"has-poppins-font-family eplus-wrapper wp-block-paragraph\" style=\"font-size:14px;text-transform:none\"><br><\/p>\n<\/div>\n\n\n\n<div class=\"wp-block-group eplus-wrapper has-global-padding is-layout-constrained wp-block-group-is-layout-constrained\">\n<div class=\"wp-block-jetpack-tiled-gallery aligncenter is-style-rectangular\"><div class=\"tiled-gallery__gallery\"><div class=\"tiled-gallery__row\"><div class=\"tiled-gallery__col\" style=\"flex-basis:68.37996%\"><figure class=\"tiled-gallery__item\"><img decoding=\"async\" data-attachment-id=\"2903\" data-permalink=\"https:\/\/aliyavuzcehrevakfi.org\/en\/tce\/dsc_1775-copy\/\" data-orig-file=\"https:\/\/aliyavuzcehrevakfi.org\/wp-content\/uploads\/2023\/08\/DSC_1775-copy.jpg\" data-orig-size=\"600,400\" data-comments-opened=\"1\" data-image-meta=\"{&quot;aperture&quot;:&quot;2.8&quot;,&quot;credit&quot;:&quot;&quot;,&quot;camera&quot;:&quot;NIKON D850&quot;,&quot;caption&quot;:&quot;&quot;,&quot;created_timestamp&quot;:&quot;1675075734&quot;,&quot;copyright&quot;:&quot;&quot;,&quot;focal_length&quot;:&quot;24&quot;,&quot;iso&quot;:&quot;1250&quot;,&quot;shutter_speed&quot;:&quot;0.008&quot;,&quot;title&quot;:&quot;&quot;,&quot;orientation&quot;:&quot;1&quot;}\" data-image-title=\"DSC_1775 copy\" data-image-description=\"\" data-image-caption=\"\" data-large-file=\"https:\/\/aliyavuzcehrevakfi.org\/wp-content\/uploads\/2023\/08\/DSC_1775-copy.jpg\" role=\"button\" tabindex=\"0\" aria-label=\"Open image 1 of 4 in full-screen\" srcset=\"https:\/\/i1.wp.com\/aliyavuzcehrevakfi.org\/wp-content\/uploads\/2023\/08\/DSC_1775-copy.jpg?strip=info&#038;w=600&#038;ssl=1 600w\" alt=\"\" data-height=\"400\" data-id=\"2903\" data-link=\"https:\/\/aliyavuzcehrevakfi.org\/tce\/dsc_1775-copy\/\" data-url=\"https:\/\/aliyavuzcehrevakfi.org\/wp-content\/uploads\/2023\/08\/DSC_1775-copy.jpg\" data-width=\"600\" src=\"https:\/\/i1.wp.com\/aliyavuzcehrevakfi.org\/wp-content\/uploads\/2023\/08\/DSC_1775-copy.jpg?ssl=1\" data-amp-layout=\"responsive\"\/><\/figure><\/div><div class=\"tiled-gallery__col\" style=\"flex-basis:31.62004%\"><figure class=\"tiled-gallery__item\"><img decoding=\"async\" data-attachment-id=\"2902\" data-permalink=\"https:\/\/aliyavuzcehrevakfi.org\/en\/tce\/dsc_1799-copy\/\" data-orig-file=\"https:\/\/aliyavuzcehrevakfi.org\/wp-content\/uploads\/2023\/08\/DSC_1799-copy.jpg\" data-orig-size=\"600,400\" data-comments-opened=\"1\" data-image-meta=\"{&quot;aperture&quot;:&quot;2.8&quot;,&quot;credit&quot;:&quot;&quot;,&quot;camera&quot;:&quot;NIKON D850&quot;,&quot;caption&quot;:&quot;&quot;,&quot;created_timestamp&quot;:&quot;1675161788&quot;,&quot;copyright&quot;:&quot;&quot;,&quot;focal_length&quot;:&quot;24&quot;,&quot;iso&quot;:&quot;3200&quot;,&quot;shutter_speed&quot;:&quot;0.008&quot;,&quot;title&quot;:&quot;&quot;,&quot;orientation&quot;:&quot;1&quot;}\" data-image-title=\"DSC_1799 copy\" data-image-description=\"\" data-image-caption=\"\" data-large-file=\"https:\/\/aliyavuzcehrevakfi.org\/wp-content\/uploads\/2023\/08\/DSC_1799-copy.jpg\" role=\"button\" tabindex=\"0\" aria-label=\"Open image 2 of 4 in full-screen\" srcset=\"https:\/\/i2.wp.com\/aliyavuzcehrevakfi.org\/wp-content\/uploads\/2023\/08\/DSC_1799-copy.jpg?strip=info&#038;w=600&#038;ssl=1 600w\" alt=\"\" data-height=\"400\" data-id=\"2902\" data-link=\"https:\/\/aliyavuzcehrevakfi.org\/tce\/dsc_1799-copy\/\" data-url=\"https:\/\/aliyavuzcehrevakfi.org\/wp-content\/uploads\/2023\/08\/DSC_1799-copy.jpg\" data-width=\"600\" src=\"https:\/\/i2.wp.com\/aliyavuzcehrevakfi.org\/wp-content\/uploads\/2023\/08\/DSC_1799-copy.jpg?ssl=1\" data-amp-layout=\"responsive\"\/><\/figure><figure class=\"tiled-gallery__item\"><img decoding=\"async\" data-attachment-id=\"2901\" data-permalink=\"https:\/\/aliyavuzcehrevakfi.org\/en\/tce\/dsc_1792-copy\/\" data-orig-file=\"https:\/\/aliyavuzcehrevakfi.org\/wp-content\/uploads\/2023\/08\/DSC_1792-copy.jpg\" data-orig-size=\"600,460\" data-comments-opened=\"1\" data-image-meta=\"{&quot;aperture&quot;:&quot;2.8&quot;,&quot;credit&quot;:&quot;&quot;,&quot;camera&quot;:&quot;NIKON D850&quot;,&quot;caption&quot;:&quot;&quot;,&quot;created_timestamp&quot;:&quot;1675146504&quot;,&quot;copyright&quot;:&quot;&quot;,&quot;focal_length&quot;:&quot;32&quot;,&quot;iso&quot;:&quot;800&quot;,&quot;shutter_speed&quot;:&quot;0.008&quot;,&quot;title&quot;:&quot;&quot;,&quot;orientation&quot;:&quot;1&quot;}\" data-image-title=\"DSC_1792 copy\" data-image-description=\"\" data-image-caption=\"\" data-large-file=\"https:\/\/aliyavuzcehrevakfi.org\/wp-content\/uploads\/2023\/08\/DSC_1792-copy.jpg\" role=\"button\" tabindex=\"0\" aria-label=\"Open image 3 of 4 in full-screen\" srcset=\"https:\/\/i2.wp.com\/aliyavuzcehrevakfi.org\/wp-content\/uploads\/2023\/08\/DSC_1792-copy.jpg?strip=info&#038;w=600&#038;ssl=1 600w\" alt=\"\" data-height=\"460\" data-id=\"2901\" data-link=\"https:\/\/aliyavuzcehrevakfi.org\/tce\/dsc_1792-copy\/\" data-url=\"https:\/\/aliyavuzcehrevakfi.org\/wp-content\/uploads\/2023\/08\/DSC_1792-copy.jpg\" data-width=\"600\" src=\"https:\/\/i2.wp.com\/aliyavuzcehrevakfi.org\/wp-content\/uploads\/2023\/08\/DSC_1792-copy.jpg?ssl=1\" data-amp-layout=\"responsive\"\/><\/figure><\/div><\/div><div class=\"tiled-gallery__row\"><div class=\"tiled-gallery__col\" style=\"flex-basis:100.00000%\"><figure class=\"tiled-gallery__item\"><img decoding=\"async\" data-attachment-id=\"2916\" data-permalink=\"https:\/\/aliyavuzcehrevakfi.org\/en\/tce\/dsc_9050\/\" data-orig-file=\"https:\/\/aliyavuzcehrevakfi.org\/wp-content\/uploads\/2023\/08\/DSC_9050.jpg\" data-orig-size=\"600,400\" data-comments-opened=\"1\" data-image-meta=\"{&quot;aperture&quot;:&quot;5.6&quot;,&quot;credit&quot;:&quot;&quot;,&quot;camera&quot;:&quot;NIKON D850&quot;,&quot;caption&quot;:&quot;&quot;,&quot;created_timestamp&quot;:&quot;1668693112&quot;,&quot;copyright&quot;:&quot;&quot;,&quot;focal_length&quot;:&quot;70&quot;,&quot;iso&quot;:&quot;1600&quot;,&quot;shutter_speed&quot;:&quot;0.0125&quot;,&quot;title&quot;:&quot;&quot;,&quot;orientation&quot;:&quot;1&quot;}\" data-image-title=\"DSC_9050\" data-image-description=\"\" data-image-caption=\"\" data-large-file=\"https:\/\/aliyavuzcehrevakfi.org\/wp-content\/uploads\/2023\/08\/DSC_9050.jpg\" role=\"button\" tabindex=\"0\" aria-label=\"Open image 4 of 4 in full-screen\" srcset=\"https:\/\/i2.wp.com\/aliyavuzcehrevakfi.org\/wp-content\/uploads\/2023\/08\/DSC_9050.jpg?strip=info&#038;w=600&#038;ssl=1 600w\" alt=\"\" data-height=\"400\" data-id=\"2916\" data-link=\"https:\/\/aliyavuzcehrevakfi.org\/tce\/dsc_9050\/\" data-url=\"https:\/\/aliyavuzcehrevakfi.org\/wp-content\/uploads\/2023\/08\/DSC_9050.jpg\" data-width=\"600\" src=\"https:\/\/i2.wp.com\/aliyavuzcehrevakfi.org\/wp-content\/uploads\/2023\/08\/DSC_9050.jpg?ssl=1\" data-amp-layout=\"responsive\"\/><\/figure><\/div><\/div><\/div><\/div>\n<\/div>\n\n\n\n<div style=\"height:20px\" aria-hidden=\"true\" class=\"wp-block-spacer eplus-wrapper\"><\/div>\n\n\n\n<div class=\"wp-block-group eplus-wrapper has-global-padding is-layout-constrained wp-block-group-is-layout-constrained\">\n<p class=\"has-poppins-font-family has-large-font-size eplus-wrapper wp-block-paragraph\" style=\"text-transform:none\"><strong>OUR TARGETS<\/strong><\/p>\n\n\n\n<p class=\"has-poppins-font-family eplus-wrapper wp-block-paragraph\" style=\"font-size:14px;text-transform:none\">-Empowerment and employment of women in business life<\/p>\n\n\n\n<p class=\"has-poppins-font-family eplus-wrapper wp-block-paragraph\" style=\"font-size:14px;text-transform:none\">-The end of gender-based division of labour within the home<\/p>\n\n\n\n<p class=\"has-poppins-font-family eplus-wrapper wp-block-paragraph\" style=\"font-size:14px;text-transform:none\">-The termination of occupational discrimination in the business life<\/p>\n\n\n\n<p class=\"has-poppins-font-family eplus-wrapper wp-block-paragraph\" style=\"font-size:14px;text-transform:none\">-Ending violence against women<\/p>\n\n\n\n<p class=\"has-poppins-font-family eplus-wrapper wp-block-paragraph\" style=\"font-size:14px;text-transform:none\">-Ensuring equal opportunity in education<\/p>\n\n\n\n<p class=\"has-poppins-font-family eplus-wrapper wp-block-paragraph\" style=\"font-size:14px;text-transform:none\"> <\/p>\n\n\n\n<p class=\"has-poppins-font-family eplus-wrapper wp-block-paragraph\" style=\"font-size:14px;text-transform:none\"><strong>In our operations as Ali Yavuz\u00e7ehre Foundation,<\/strong><\/p>\n\n\n\n<p class=\"has-poppins-font-family eplus-wrapper wp-block-paragraph\" style=\"font-size:14px;text-transform:none\">To eliminate existing causes by getting to the commencement of inequalities,<\/p>\n\n\n\n<p class=\"has-poppins-font-family eplus-wrapper wp-block-paragraph\" style=\"font-size:14px;text-transform:none\">-To be involved in decision-making processes, including legal regulations, policies and programs,<\/p>\n\n\n\n<p class=\"has-poppins-font-family eplus-wrapper wp-block-paragraph\" style=\"font-size:14px;text-transform:none\">To design policies and programs in all economic, political and social fields, based on the problems and experiences of women and men,<\/p>\n\n\n\n<p class=\"has-poppins-font-family eplus-wrapper wp-block-paragraph\" style=\"font-size:14px;text-transform:none\">Implementation by supporting the equal participation of men and women in decision-making processes,<\/p>\n\n\n\n<p class=\"has-poppins-font-family eplus-wrapper wp-block-paragraph\" style=\"font-size:14px;text-transform:none\">To make public interventions more effective and to eliminate inequalities,<\/p>\n\n\n\n<p class=\"has-poppins-font-family eplus-wrapper wp-block-paragraph\" style=\"font-size:14px;text-transform:none\">To measure, monitor and track the various effects of interventions and its tools on gender groups,<\/p>\n\n\n\n<p class=\"has-poppins-font-family eplus-wrapper wp-block-paragraph\" style=\"font-size:14px;text-transform:none\">We aim to create a holistic framework of the human rights-based approach by prioritizing it.<\/p>\n<\/div>","protected":false},"excerpt":{"rendered":"<p>Toplumsal Cinsiyet E\u015fitli\u011finin Anaak\u0131mla\u015ft\u0131r\u0131lmas\u0131 K\u00fcresel \u00e7apta, kad\u0131nlar\u0131n e\u011fitim, ekonomik hayata kat\u0131l\u0131m, f\u0131rsatlar ve siyasi alanda varl\u0131k g\u00f6stermeleri a\u00e7\u0131s\u0131ndan cinsiyetler aras\u0131ndaki e\u015fitsizliklerin artt\u0131\u011f\u0131 g\u00f6zlemlenmektedir. Bu e\u015fitsizlik \u00fclkemizde derin farkl\u0131l\u0131klara ve f\u0131rsat e\u015fitsizliklerine yol a\u00e7maktad\u0131r. Var olan ayr\u0131mc\u0131l\u0131k ve e\u015fitsizliklere y\u00f6nelik yap\u0131lan \u00e7al\u0131\u015fmalar sadece sivil toplum kurulu\u015flar\u0131n\u0131n de\u011fil toplumunda bir sorunudur. Ali Yavuz\u00e7ehre vakf\u0131 olarak de\u011fi\u015fimin d\u00f6n\u00fc\u015ft\u00fcr\u00fcc\u00fc [&hellip;]<\/p>","protected":false},"author":237252097,"featured_media":2902,"parent":0,"menu_order":0,"comment_status":"closed","ping_status":"closed","template":"","meta":{"_eb_attr":"","_crdt_document":"","editor_plus_copied_stylings":"{}","advanced_seo_description":"Toplumsal Cinsiyet E\u015fitli\u011finin Anaak\u0131mla\u015ft\u0131r\u0131lmas\u0131","jetpack_seo_html_title":"Toplumsal Cinsiyet E\u015fitli\u011fi","jetpack_seo_noindex":false,"footnotes":""},"class_list":["post-2895","page","type-page","status-publish","has-post-thumbnail","hentry"],"jetpack_likes_enabled":true,"jetpack_sharing_enabled":true,"jetpack_shortlink":"https:\/\/wp.me\/PeXqFS-KH","_links":{"self":[{"href":"https:\/\/aliyavuzcehrevakfi.org\/en\/wp-json\/wp\/v2\/pages\/2895","targetHints":{"allow":["GET"]}}],"collection":[{"href":"https:\/\/aliyavuzcehrevakfi.org\/en\/wp-json\/wp\/v2\/pages"}],"about":[{"href":"https:\/\/aliyavuzcehrevakfi.org\/en\/wp-json\/wp\/v2\/types\/page"}],"author":[{"embeddable":true,"href":"https:\/\/aliyavuzcehrevakfi.org\/en\/wp-json\/wp\/v2\/users\/237252097"}],"replies":[{"embeddable":true,"href":"https:\/\/aliyavuzcehrevakfi.org\/en\/wp-json\/wp\/v2\/comments?post=2895"}],"version-history":[{"count":10,"href":"https:\/\/aliyavuzcehrevakfi.org\/en\/wp-json\/wp\/v2\/pages\/2895\/revisions"}],"predecessor-version":[{"id":4972,"href":"https:\/\/aliyavuzcehrevakfi.org\/en\/wp-json\/wp\/v2\/pages\/2895\/revisions\/4972"}],"wp:featuredmedia":[{"embeddable":true,"href":"https:\/\/aliyavuzcehrevakfi.org\/en\/wp-json\/wp\/v2\/media\/2902"}],"wp:attachment":[{"href":"https:\/\/aliyavuzcehrevakfi.org\/en\/wp-json\/wp\/v2\/media?parent=2895"}],"curies":[{"name":"wp","href":"https:\/\/api.w.org\/{rel}","templated":true}]}}