{"id":2648,"date":"2023-07-26T22:53:36","date_gmt":"2023-07-26T19:53:36","guid":{"rendered":"https:\/\/aliyavuzcehrevakfi.org\/?page_id=2648"},"modified":"2023-08-21T10:06:52","modified_gmt":"2023-08-21T07:06:52","slug":"ali-yavuzcehre-cup","status":"publish","type":"page","link":"https:\/\/aliyavuzcehrevakfi.org\/en\/ali-yavuzcehre-cup\/","title":{"rendered":"Ali Yavuz\u00e7ehre Cup"},"content":{"rendered":"<div class=\"wp-block-group eplus-wrapper is-layout-flow wp-block-group-is-layout-flow\">\n<div class=\"wp-block-cover is-light has-parallax eplus-wrapper\"><span aria-hidden=\"true\" class=\"wp-block-cover__background has-background-dim\"><\/span><div role=\"img\" class=\"wp-block-cover__image-background wp-image-3103 has-parallax\" style=\"background-position:55% 75%;background-image:url(https:\/\/aliyavuzcehrevakfi.org\/wp-content\/uploads\/2023\/08\/DSC_6342-1.jpg)\"><\/div><div class=\"wp-block-cover__inner-container has-global-padding is-layout-constrained wp-block-cover-is-layout-constrained\">\n<h2 class=\"wp-block-heading has-text-align-center has-background-color has-text-color has-poppins-font-family eplus-wrapper\" style=\"font-size:clamp(33.419px, 2.089rem + ((1vw - 3.2px) * 2.077), 60px);font-style:normal;font-weight:700\">AL\u0130 YAVUZ\u00c7EHRE CUP<\/h2>\n\n\n\n<h2 class=\"wp-block-heading has-text-align-center has-background-color has-text-color has-large-font-size eplus-wrapper\"><strong>T200 Masters<\/strong><\/h2>\n<\/div><\/div>\n<\/div>\n\n\n\n<div class=\"wp-block-group eplus-wrapper has-global-padding is-layout-constrained wp-container-core-group-is-layout-4cd7f32b wp-block-group-is-layout-constrained\" style=\"padding-top:var(--wp--preset--spacing--60);padding-right:0.44rem;padding-bottom:var(--wp--preset--spacing--60);padding-left:0.44rem\">\n<p class=\"has-poppins-font-family eplus-wrapper wp-block-paragraph\" style=\"font-size:14px;text-transform:none\">We held the Ali Yavuz\u00e7ehre Cup T200 Masters Tennis Tournament at the Pamukkale Tennis Club courts between 7-13 of May.<\/p>\n\n\n\n<p class=\"has-poppins-font-family eplus-wrapper wp-block-paragraph\" style=\"font-size:14px;text-transform:none\">In the tournament, which was the first activity of the foundation, Ali Yavuz\u00e7ehre's memory of his passion for tennis became even more meaningful.<\/p>\n\n\n\n<p class=\"has-poppins-font-family eplus-wrapper wp-block-paragraph\" style=\"font-size:14px;text-transform:none\">We felt the potence of sports on the courts by participating in the tournament with a total of 46 athletes involved in the tournament, 25 in singles and 21 in doubles.<\/p>\n\n\n\n<p class=\"has-poppins-font-family eplus-wrapper wp-block-paragraph\" style=\"font-size:14px;text-transform:none\">While the excitement of the match resumed on the courts, the \"AL\u0130 YAVUZ\u00c7EHRE CUP ATHLETE NIGHT\" held in the Marla Bistro area on Thursday, May 11th, allowed the athletes to relieve their stress and left an unforgettable night for the participants, boosting the morale of the athletes on the way to the final night.<\/p>\n\n\n\n<p class=\"has-poppins-font-family eplus-wrapper wp-block-paragraph\" style=\"font-size:14px;text-transform:none\"><br><\/p>\n<\/div>\n\n\n\n<div class=\"wp-block-group eplus-wrapper has-global-padding is-layout-constrained wp-block-group-is-layout-constrained\">\n<div class=\"wp-block-jetpack-tiled-gallery aligncenter is-style-rectangular\"><div class=\"tiled-gallery__gallery\"><div class=\"tiled-gallery__row\"><div class=\"tiled-gallery__col\" style=\"flex-basis:57.39614%\"><figure class=\"tiled-gallery__item\"><img decoding=\"async\" data-attachment-id=\"2847\" data-permalink=\"https:\/\/aliyavuzcehrevakfi.org\/en\/ali-yavuzcehre-cup\/dsc_5609\/\" data-orig-file=\"https:\/\/aliyavuzcehrevakfi.org\/wp-content\/uploads\/2023\/08\/DSC_5609.jpg\" data-orig-size=\"1365,2048\" data-comments-opened=\"1\" data-image-meta=\"{&quot;aperture&quot;:&quot;8&quot;,&quot;credit&quot;:&quot;&quot;,&quot;camera&quot;:&quot;NIKON D850&quot;,&quot;caption&quot;:&quot;&quot;,&quot;created_timestamp&quot;:&quot;1683814110&quot;,&quot;copyright&quot;:&quot;&quot;,&quot;focal_length&quot;:&quot;66&quot;,&quot;iso&quot;:&quot;500&quot;,&quot;shutter_speed&quot;:&quot;0.008&quot;,&quot;title&quot;:&quot;&quot;,&quot;orientation&quot;:&quot;0&quot;}\" data-image-title=\"DSC_5609\" data-image-description=\"\" data-image-caption=\"\" data-large-file=\"https:\/\/aliyavuzcehrevakfi.org\/wp-content\/uploads\/2023\/08\/DSC_5609-683x1024.jpg\" role=\"button\" tabindex=\"0\" aria-label=\"Open image 1 of 5 in full-screen\" srcset=\"https:\/\/i0.wp.com\/aliyavuzcehrevakfi.org\/wp-content\/uploads\/2023\/08\/DSC_5609-683x1024.jpg?strip=info&#038;w=600&#038;ssl=1 600w,https:\/\/i0.wp.com\/aliyavuzcehrevakfi.org\/wp-content\/uploads\/2023\/08\/DSC_5609-683x1024.jpg?strip=info&#038;w=900&#038;ssl=1 900w,https:\/\/i0.wp.com\/aliyavuzcehrevakfi.org\/wp-content\/uploads\/2023\/08\/DSC_5609-683x1024.jpg?strip=info&#038;w=1200&#038;ssl=1 1200w,https:\/\/i0.wp.com\/aliyavuzcehrevakfi.org\/wp-content\/uploads\/2023\/08\/DSC_5609-683x1024.jpg?strip=info&#038;w=1365&#038;ssl=1 1365w\" alt=\"\" data-height=\"2048\" data-id=\"2847\" data-link=\"https:\/\/aliyavuzcehrevakfi.org\/ali-yavuzcehre-cup\/dsc_5609\/\" data-url=\"https:\/\/aliyavuzcehrevakfi.org\/wp-content\/uploads\/2023\/08\/DSC_5609-683x1024.jpg\" data-width=\"1365\" src=\"https:\/\/i0.wp.com\/aliyavuzcehrevakfi.org\/wp-content\/uploads\/2023\/08\/DSC_5609-683x1024.jpg?ssl=1\" data-amp-layout=\"responsive\"\/><\/figure><\/div><div class=\"tiled-gallery__col\" style=\"flex-basis:42.60386%\"><figure class=\"tiled-gallery__item\"><img decoding=\"async\" data-attachment-id=\"2851\" data-permalink=\"https:\/\/aliyavuzcehrevakfi.org\/en\/ali-yavuzcehre-cup\/dsc_6490\/\" data-orig-file=\"https:\/\/aliyavuzcehrevakfi.org\/wp-content\/uploads\/2023\/08\/DSC_6490.jpg\" data-orig-size=\"2048,1365\" data-comments-opened=\"1\" data-image-meta=\"{&quot;aperture&quot;:&quot;5&quot;,&quot;credit&quot;:&quot;&quot;,&quot;camera&quot;:&quot;NIKON D850&quot;,&quot;caption&quot;:&quot;&quot;,&quot;created_timestamp&quot;:&quot;1683813089&quot;,&quot;copyright&quot;:&quot;&quot;,&quot;focal_length&quot;:&quot;120&quot;,&quot;iso&quot;:&quot;400&quot;,&quot;shutter_speed&quot;:&quot;0.003125&quot;,&quot;title&quot;:&quot;&quot;,&quot;orientation&quot;:&quot;0&quot;}\" data-image-title=\"DSC_6490\" data-image-description=\"\" data-image-caption=\"\" data-large-file=\"https:\/\/aliyavuzcehrevakfi.org\/wp-content\/uploads\/2023\/08\/DSC_6490-1024x683.jpg\" role=\"button\" tabindex=\"0\" aria-label=\"Open image 2 of 5 in full-screen\" srcset=\"https:\/\/i1.wp.com\/aliyavuzcehrevakfi.org\/wp-content\/uploads\/2023\/08\/DSC_6490-1024x683.jpg?strip=info&#038;w=600&#038;ssl=1 600w,https:\/\/i1.wp.com\/aliyavuzcehrevakfi.org\/wp-content\/uploads\/2023\/08\/DSC_6490-1024x683.jpg?strip=info&#038;w=900&#038;ssl=1 900w,https:\/\/i1.wp.com\/aliyavuzcehrevakfi.org\/wp-content\/uploads\/2023\/08\/DSC_6490-1024x683.jpg?strip=info&#038;w=1200&#038;ssl=1 1200w,https:\/\/i1.wp.com\/aliyavuzcehrevakfi.org\/wp-content\/uploads\/2023\/08\/DSC_6490-1024x683.jpg?strip=info&#038;w=1500&#038;ssl=1 1500w,https:\/\/i1.wp.com\/aliyavuzcehrevakfi.org\/wp-content\/uploads\/2023\/08\/DSC_6490-1024x683.jpg?strip=info&#038;w=1800&#038;ssl=1 1800w,https:\/\/i1.wp.com\/aliyavuzcehrevakfi.org\/wp-content\/uploads\/2023\/08\/DSC_6490-1024x683.jpg?strip=info&#038;w=2000&#038;ssl=1 2000w\" alt=\"\" data-height=\"1365\" data-id=\"2851\" data-link=\"https:\/\/aliyavuzcehrevakfi.org\/ali-yavuzcehre-cup\/dsc_6490\/\" data-url=\"https:\/\/aliyavuzcehrevakfi.org\/wp-content\/uploads\/2023\/08\/DSC_6490-1024x683.jpg\" data-width=\"2048\" src=\"https:\/\/i1.wp.com\/aliyavuzcehrevakfi.org\/wp-content\/uploads\/2023\/08\/DSC_6490-1024x683.jpg?ssl=1\" data-amp-layout=\"responsive\"\/><\/figure><figure class=\"tiled-gallery__item\"><img decoding=\"async\" data-attachment-id=\"3106\" data-permalink=\"https:\/\/aliyavuzcehrevakfi.org\/en\/ali-yavuzcehre-cup\/ayc2\/\" data-orig-file=\"https:\/\/aliyavuzcehrevakfi.org\/wp-content\/uploads\/2023\/08\/ayc2.jpg\" data-orig-size=\"1600,1066\" data-comments-opened=\"1\" data-image-meta=\"{&quot;aperture&quot;:&quot;0&quot;,&quot;credit&quot;:&quot;&quot;,&quot;camera&quot;:&quot;&quot;,&quot;caption&quot;:&quot;&quot;,&quot;created_timestamp&quot;:&quot;0&quot;,&quot;copyright&quot;:&quot;&quot;,&quot;focal_length&quot;:&quot;0&quot;,&quot;iso&quot;:&quot;0&quot;,&quot;shutter_speed&quot;:&quot;0&quot;,&quot;title&quot;:&quot;&quot;,&quot;orientation&quot;:&quot;0&quot;}\" data-image-title=\"ayc2\" data-image-description=\"\" data-image-caption=\"\" data-large-file=\"https:\/\/aliyavuzcehrevakfi.org\/wp-content\/uploads\/2023\/08\/ayc2-1024x682.jpg\" role=\"button\" tabindex=\"0\" aria-label=\"Open image 3 of 5 in full-screen\" srcset=\"https:\/\/i0.wp.com\/aliyavuzcehrevakfi.org\/wp-content\/uploads\/2023\/08\/ayc2-1024x682.jpg?strip=info&#038;w=600&#038;ssl=1 600w,https:\/\/i0.wp.com\/aliyavuzcehrevakfi.org\/wp-content\/uploads\/2023\/08\/ayc2-1024x682.jpg?strip=info&#038;w=900&#038;ssl=1 900w,https:\/\/i0.wp.com\/aliyavuzcehrevakfi.org\/wp-content\/uploads\/2023\/08\/ayc2-1024x682.jpg?strip=info&#038;w=1200&#038;ssl=1 1200w,https:\/\/i0.wp.com\/aliyavuzcehrevakfi.org\/wp-content\/uploads\/2023\/08\/ayc2-1024x682.jpg?strip=info&#038;w=1500&#038;ssl=1 1500w,https:\/\/i0.wp.com\/aliyavuzcehrevakfi.org\/wp-content\/uploads\/2023\/08\/ayc2-1024x682.jpg?strip=info&#038;w=1600&#038;ssl=1 1600w\" alt=\"\" data-height=\"1066\" data-id=\"3106\" data-link=\"https:\/\/aliyavuzcehrevakfi.org\/ali-yavuzcehre-cup\/ayc2\/\" data-url=\"https:\/\/aliyavuzcehrevakfi.org\/wp-content\/uploads\/2023\/08\/ayc2-1024x682.jpg\" data-width=\"1600\" src=\"https:\/\/i0.wp.com\/aliyavuzcehrevakfi.org\/wp-content\/uploads\/2023\/08\/ayc2-1024x682.jpg?ssl=1\" data-amp-layout=\"responsive\"\/><\/figure><figure class=\"tiled-gallery__item\"><img decoding=\"async\" data-attachment-id=\"2850\" data-permalink=\"https:\/\/aliyavuzcehrevakfi.org\/en\/ali-yavuzcehre-cup\/dsc_6342\/\" data-orig-file=\"https:\/\/aliyavuzcehrevakfi.org\/wp-content\/uploads\/2023\/08\/DSC_6342.jpg\" data-orig-size=\"2048,1365\" data-comments-opened=\"1\" data-image-meta=\"{&quot;aperture&quot;:&quot;5&quot;,&quot;credit&quot;:&quot;&quot;,&quot;camera&quot;:&quot;NIKON D850&quot;,&quot;caption&quot;:&quot;&quot;,&quot;created_timestamp&quot;:&quot;1683811614&quot;,&quot;copyright&quot;:&quot;&quot;,&quot;focal_length&quot;:&quot;82&quot;,&quot;iso&quot;:&quot;400&quot;,&quot;shutter_speed&quot;:&quot;0.001&quot;,&quot;title&quot;:&quot;&quot;,&quot;orientation&quot;:&quot;0&quot;}\" data-image-title=\"DSC_6342\" data-image-description=\"\" data-image-caption=\"\" data-large-file=\"https:\/\/aliyavuzcehrevakfi.org\/wp-content\/uploads\/2023\/08\/DSC_6342-1024x683.jpg\" role=\"button\" tabindex=\"0\" aria-label=\"Open image 4 of 5 in full-screen\" srcset=\"https:\/\/i1.wp.com\/aliyavuzcehrevakfi.org\/wp-content\/uploads\/2023\/08\/DSC_6342-1024x683.jpg?strip=info&#038;w=600&#038;ssl=1 600w,https:\/\/i1.wp.com\/aliyavuzcehrevakfi.org\/wp-content\/uploads\/2023\/08\/DSC_6342-1024x683.jpg?strip=info&#038;w=900&#038;ssl=1 900w,https:\/\/i1.wp.com\/aliyavuzcehrevakfi.org\/wp-content\/uploads\/2023\/08\/DSC_6342-1024x683.jpg?strip=info&#038;w=1200&#038;ssl=1 1200w,https:\/\/i1.wp.com\/aliyavuzcehrevakfi.org\/wp-content\/uploads\/2023\/08\/DSC_6342-1024x683.jpg?strip=info&#038;w=1500&#038;ssl=1 1500w,https:\/\/i1.wp.com\/aliyavuzcehrevakfi.org\/wp-content\/uploads\/2023\/08\/DSC_6342-1024x683.jpg?strip=info&#038;w=1800&#038;ssl=1 1800w,https:\/\/i1.wp.com\/aliyavuzcehrevakfi.org\/wp-content\/uploads\/2023\/08\/DSC_6342-1024x683.jpg?strip=info&#038;w=2000&#038;ssl=1 2000w\" alt=\"\" data-height=\"1365\" data-id=\"2850\" data-link=\"https:\/\/aliyavuzcehrevakfi.org\/ali-yavuzcehre-cup\/dsc_6342\/\" data-url=\"https:\/\/aliyavuzcehrevakfi.org\/wp-content\/uploads\/2023\/08\/DSC_6342-1024x683.jpg\" data-width=\"2048\" src=\"https:\/\/i1.wp.com\/aliyavuzcehrevakfi.org\/wp-content\/uploads\/2023\/08\/DSC_6342-1024x683.jpg?ssl=1\" data-amp-layout=\"responsive\"\/><\/figure><\/div><\/div><div class=\"tiled-gallery__row\"><div class=\"tiled-gallery__col\" style=\"flex-basis:100.00000%\"><figure class=\"tiled-gallery__item\"><img decoding=\"async\" data-attachment-id=\"3105\" data-permalink=\"https:\/\/aliyavuzcehrevakfi.org\/en\/ali-yavuzcehre-cup\/ayc1\/\" data-orig-file=\"https:\/\/aliyavuzcehrevakfi.org\/wp-content\/uploads\/2023\/08\/ayc1.jpg\" data-orig-size=\"1600,1066\" data-comments-opened=\"1\" data-image-meta=\"{&quot;aperture&quot;:&quot;0&quot;,&quot;credit&quot;:&quot;&quot;,&quot;camera&quot;:&quot;&quot;,&quot;caption&quot;:&quot;&quot;,&quot;created_timestamp&quot;:&quot;0&quot;,&quot;copyright&quot;:&quot;&quot;,&quot;focal_length&quot;:&quot;0&quot;,&quot;iso&quot;:&quot;0&quot;,&quot;shutter_speed&quot;:&quot;0&quot;,&quot;title&quot;:&quot;&quot;,&quot;orientation&quot;:&quot;0&quot;}\" data-image-title=\"ayc1\" data-image-description=\"\" data-image-caption=\"\" data-large-file=\"https:\/\/aliyavuzcehrevakfi.org\/wp-content\/uploads\/2023\/08\/ayc1-1024x682.jpg\" role=\"button\" tabindex=\"0\" aria-label=\"Open image 5 of 5 in full-screen\" srcset=\"https:\/\/i2.wp.com\/aliyavuzcehrevakfi.org\/wp-content\/uploads\/2023\/08\/ayc1-1024x682.jpg?strip=info&#038;w=600&#038;ssl=1 600w,https:\/\/i2.wp.com\/aliyavuzcehrevakfi.org\/wp-content\/uploads\/2023\/08\/ayc1-1024x682.jpg?strip=info&#038;w=900&#038;ssl=1 900w,https:\/\/i2.wp.com\/aliyavuzcehrevakfi.org\/wp-content\/uploads\/2023\/08\/ayc1-1024x682.jpg?strip=info&#038;w=1200&#038;ssl=1 1200w,https:\/\/i2.wp.com\/aliyavuzcehrevakfi.org\/wp-content\/uploads\/2023\/08\/ayc1-1024x682.jpg?strip=info&#038;w=1500&#038;ssl=1 1500w,https:\/\/i2.wp.com\/aliyavuzcehrevakfi.org\/wp-content\/uploads\/2023\/08\/ayc1-1024x682.jpg?strip=info&#038;w=1600&#038;ssl=1 1600w\" alt=\"\" data-height=\"1066\" data-id=\"3105\" data-link=\"https:\/\/aliyavuzcehrevakfi.org\/ali-yavuzcehre-cup\/ayc1\/\" data-url=\"https:\/\/aliyavuzcehrevakfi.org\/wp-content\/uploads\/2023\/08\/ayc1-1024x682.jpg\" data-width=\"1600\" src=\"https:\/\/i2.wp.com\/aliyavuzcehrevakfi.org\/wp-content\/uploads\/2023\/08\/ayc1-1024x682.jpg?ssl=1\" data-amp-layout=\"responsive\"\/><\/figure><\/div><\/div><\/div><\/div>\n<\/div>\n\n\n\n<div style=\"height:20px\" aria-hidden=\"true\" class=\"wp-block-spacer eplus-wrapper\"><\/div>\n\n\n\n<div class=\"wp-block-group eplus-wrapper has-global-padding is-layout-constrained wp-block-group-is-layout-constrained\">\n<p class=\"has-poppins-font-family eplus-wrapper wp-block-paragraph\" style=\"font-size:14px;text-transform:none\">At the Athlete's Night, the working areas and activities of the Ali Yavuz\u00e7ehre Foundation were introduced. Then, the night ended with the commemoration of Ali Yavuz\u00e7ehre and interviews with his close circle, surprise gift giveaways, and performances by DJ Okan \u0130mal and Ahmet \u00d6ztabak.<\/p>\n\n\n\n<p class=\"has-poppins-font-family eplus-wrapper wp-block-paragraph\" style=\"font-size:14px;text-transform:none\">The tournament ended with the cups being delivered to the champions in the competitions where the final matches were played on Saturday, May 13th.<\/p>\n<\/div>","protected":false},"excerpt":{"rendered":"<p>Ali Yavuz\u00e7ehre Cup T200 Masters Tenis Turnuvas\u0131n\u0131 Pamukkale Tenis Kul\u00fcb\u00fc kortlar\u0131nda 7-13 May\u0131s tarihleri aras\u0131nda ger\u00e7ekle\u015ftirdik. Vakf\u0131n ilk faaliyeti olarak ger\u00e7ekle\u015fen turnuvada, Ali Yavuz\u00e7ehre\u2019nin tenis tutkusu ile an\u0131lmas\u0131 daha da anlaml\u0131 bir h\u00e2l ald\u0131. Turnuvaya kat\u0131l\u0131m kategorileri ise 25 adet tekler 21 adet \u00e7iftler olmak \u00fczere toplamda 46 adet kategoride sporcunun turnuvaya kat\u0131larak sporun g\u00fcc\u00fcn\u00fc [&hellip;]<\/p>","protected":false},"author":237252097,"featured_media":3103,"parent":0,"menu_order":0,"comment_status":"closed","ping_status":"closed","template":"","meta":{"_eb_attr":"","_crdt_document":"","editor_plus_copied_stylings":"{}","advanced_seo_description":"","jetpack_seo_html_title":"","jetpack_seo_noindex":false,"footnotes":""},"class_list":["post-2648","page","type-page","status-publish","has-post-thumbnail","hentry"],"jetpack_likes_enabled":true,"jetpack_sharing_enabled":true,"jetpack_shortlink":"https:\/\/wp.me\/PeXqFS-GI","_links":{"self":[{"href":"https:\/\/aliyavuzcehrevakfi.org\/en\/wp-json\/wp\/v2\/pages\/2648","targetHints":{"allow":["GET"]}}],"collection":[{"href":"https:\/\/aliyavuzcehrevakfi.org\/en\/wp-json\/wp\/v2\/pages"}],"about":[{"href":"https:\/\/aliyavuzcehrevakfi.org\/en\/wp-json\/wp\/v2\/types\/page"}],"author":[{"embeddable":true,"href":"https:\/\/aliyavuzcehrevakfi.org\/en\/wp-json\/wp\/v2\/users\/237252097"}],"replies":[{"embeddable":true,"href":"https:\/\/aliyavuzcehrevakfi.org\/en\/wp-json\/wp\/v2\/comments?post=2648"}],"version-history":[{"count":26,"href":"https:\/\/aliyavuzcehrevakfi.org\/en\/wp-json\/wp\/v2\/pages\/2648\/revisions"}],"predecessor-version":[{"id":3108,"href":"https:\/\/aliyavuzcehrevakfi.org\/en\/wp-json\/wp\/v2\/pages\/2648\/revisions\/3108"}],"wp:featuredmedia":[{"embeddable":true,"href":"https:\/\/aliyavuzcehrevakfi.org\/en\/wp-json\/wp\/v2\/media\/3103"}],"wp:attachment":[{"href":"https:\/\/aliyavuzcehrevakfi.org\/en\/wp-json\/wp\/v2\/media?parent=2648"}],"curies":[{"name":"wp","href":"https:\/\/api.w.org\/{rel}","templated":true}]}}