{"id":235,"date":"2023-07-10T16:24:07","date_gmt":"2023-07-10T13:24:07","guid":{"rendered":"https:\/\/aliyavuzcehrevakfi.org\/?page_id=235"},"modified":"2025-09-11T17:57:13","modified_gmt":"2025-09-11T14:57:13","slug":"egitimbursu","status":"publish","type":"page","link":"https:\/\/aliyavuzcehrevakfi.org\/en\/egitimbursu\/","title":{"rendered":"Scholarship"},"content":{"rendered":"<div class=\"wp-block-group eplus-wrapper is-layout-flow wp-container-core-group-is-layout-740e4a06 wp-block-group-is-layout-flow\" style=\"border-style:none;border-width:0px;border-radius:0px;min-height:66vh;margin-top:0;margin-bottom:0;padding-top:0px;padding-right:0;padding-left:0\"><div class=\"wp-block-cover has-parallax has-custom-content-position is-position-center-left eplus-wrapper eplus-styles-uid-f0a723\" style=\"border-style:none;border-width:0px;border-radius:0px;margin-top:0;margin-bottom:0;padding-top:var(--wp--preset--spacing--60);padding-right:0.67rem;padding-bottom:5.06rem;padding-left:0.67rem;min-height:70vh;aspect-ratio:unset;\"><div class=\"wp-block-cover__image-background wp-image-1758 has-parallax\" style=\"background-position:53% 45%;background-image:url(https:\/\/aliyavuzcehrevakfi.org\/wp-content\/uploads\/2023\/07\/burs.jpg)\"><\/div><span aria-hidden=\"true\" class=\"wp-block-cover__background has-background-dim-0 has-background-dim\"><\/span><div class=\"wp-block-cover__inner-container has-global-padding is-layout-constrained wp-container-core-cover-is-layout-a5881dec wp-block-cover-is-layout-constrained\">\n<div class=\"wp-block-group eplus-wrapper has-global-padding is-layout-constrained wp-container-core-group-is-layout-c35a216f wp-block-group-is-layout-constrained\" style=\"margin-top:0;padding-top:2.25rem;padding-left:0\"><p class=\"has-text-align-left has-background-color has-text-color has-poppins-font-family eplus-wrapper eplus-styles-uid-62f672 wp-block-paragraph\" style=\"font-size:clamp(33.419px, 2.089rem + ((1vw - 3.2px) * 2.077), 60px);font-style:normal;font-weight:700\">EDUCATION GRANT<\/p>\n\n\n<p class=\"o-typing-delay-100ms o-typing-faster has-text-align-left has-background-color has-text-color has-poppins-font-family eplus-wrapper wp-block-paragraph\" style=\"margin-top:0;margin-right:0;margin-bottom:0;margin-left:0;padding-right:0;padding-left:0;font-size:14px;font-style:normal;font-weight:400;text-transform:none\">Ali Yavuz\u00e7ehre Foundation scholarship was created for succesful students who need financial support.\nThe scholarship backing for university students is\nnot only limited to financial support, but also consists of a training program that can support them in their education and business life after the education.<\/p>\n<\/div>\n<\/div><\/div><\/div>\n\n\n<div class=\"wp-block-columns are-vertically-aligned-center eplus-wrapper is-layout-flex wp-container-core-columns-is-layout-1c5365e6 wp-block-columns-is-layout-flex eplus-styles-uid-ac47e1\" style=\"padding-right:10%;padding-left:10%\">\n<div class=\"animated slideInLeft delay-200ms wp-block-column is-vertically-aligned-center eplus-wrapper is-layout-flow wp-block-column-is-layout-flow\" style=\"padding-top:0;padding-right:0;padding-bottom:0;padding-left:0;flex-basis:50%\"><figure class=\"wp-block-image aligncenter size-large is-resized has-custom-border eplus-wrapper eplus-styles-uid-a12433\"><img fetchpriority=\"high\" decoding=\"async\" width=\"755\" height=\"755\" data-attachment-id=\"3115\" data-permalink=\"https:\/\/aliyavuzcehrevakfi.org\/en\/burs4-2\/\" data-orig-file=\"https:\/\/aliyavuzcehrevakfi.org\/wp-content\/uploads\/2023\/08\/burs4-edited.jpg\" data-orig-size=\"755,755\" data-comments-opened=\"1\" data-image-meta=\"{&quot;aperture&quot;:&quot;0&quot;,&quot;credit&quot;:&quot;&quot;,&quot;camera&quot;:&quot;&quot;,&quot;caption&quot;:&quot;&quot;,&quot;created_timestamp&quot;:&quot;0&quot;,&quot;copyright&quot;:&quot;&quot;,&quot;focal_length&quot;:&quot;0&quot;,&quot;iso&quot;:&quot;0&quot;,&quot;shutter_speed&quot;:&quot;0&quot;,&quot;title&quot;:&quot;&quot;,&quot;orientation&quot;:&quot;0&quot;}\" data-image-title=\"burs4\" data-image-description=\"\" data-image-caption=\"\" data-large-file=\"https:\/\/aliyavuzcehrevakfi.org\/wp-content\/uploads\/2023\/08\/burs4-edited.jpg\" src=\"https:\/\/aliyavuzcehrevakfi.org\/wp-content\/uploads\/2023\/08\/burs4-edited.jpg\" alt=\"\" class=\"wp-image-3115\" style=\"border-radius:44px;aspect-ratio:1;object-fit:cover;width:300px;height:undefinedpx\" srcset=\"https:\/\/aliyavuzcehrevakfi.org\/wp-content\/uploads\/2023\/08\/burs4-edited.jpg 755w, https:\/\/aliyavuzcehrevakfi.org\/wp-content\/uploads\/2023\/08\/burs4-edited-300x300.jpg 300w, https:\/\/aliyavuzcehrevakfi.org\/wp-content\/uploads\/2023\/08\/burs4-edited-150x150.jpg?crop=1 150w, https:\/\/aliyavuzcehrevakfi.org\/wp-content\/uploads\/2023\/08\/burs4-edited-400x400.jpg?crop=1 400w, https:\/\/aliyavuzcehrevakfi.org\/wp-content\/uploads\/2023\/08\/burs4-edited-200x200.jpg?crop=1 200w\" sizes=\"(max-width: 755px) 100vw, 755px\" \/><\/figure><\/div>\n\n\n\n<div class=\"animated slideInRight delay-200ms wp-block-column is-vertically-aligned-center eplus-wrapper has-global-padding is-content-justification-left is-layout-constrained wp-container-core-column-is-layout-ba045ad3 wp-block-column-is-layout-constrained\" style=\"padding-right:0;padding-left:0;flex-basis:50%\">\n<h2 class=\"wp-block-heading has-text-align-center has-large-font-size eplus-wrapper\" style=\"font-style:normal;font-weight:700\"><strong>General Information<\/strong><\/h2>\n\n\n\n<div class=\"wp-block-group eplus-wrapper has-global-padding is-content-justification-center is-layout-constrained wp-container-core-group-is-layout-be65f307 wp-block-group-is-layout-constrained\" style=\"padding-top:var(--wp--preset--spacing--40);padding-bottom:var(--wp--preset--spacing--40)\">\n<hr class=\"wp-block-separator has-text-color has-primary-color has-alpha-channel-opacity has-primary-background-color has-background eplus-wrapper\">\n<\/div>\n\n\n\n<p class=\"has-poppins-font-family eplus-wrapper wp-block-paragraph\" style=\"font-size:14px;text-transform:none\">Yavuz\u00e7ehre family trusts that the posterity of our\ncountry is in the hands of our youth and that\neducation is of great importance for the future to be bright.<\/p>\n\n\n\n<p class=\"has-poppins-font-family eplus-wrapper wp-block-paragraph\" style=\"font-size:14px;text-transform:none\">This wide window into culture and knowledge is a\nhuge step forward in supporting young people in\ntheir education and training.<\/p>\n\n\n\n<p class=\"has-poppins-font-family eplus-wrapper wp-block-paragraph\" style=\"font-size:14px;text-transform:none\">Ali Yavuz\u00e7ehre Foundation supports\nuniversity\/undergraduate students in need of\nfinancial aid through its scholarship program. It also emphasizes the career life of the students and continues its program for 9 months.<\/p>\n<\/div>\n<\/div>\n\n\n<div class=\"wp-block-group eplus-wrapper has-global-padding is-layout-constrained wp-container-core-group-is-layout-d4937a28 wp-block-group-is-layout-constrained\" style=\"min-height:0rem;padding-top:0px;padding-right:0;padding-bottom:0px;padding-left:0\">\n<div class=\"wp-block-group eplus-wrapper has-global-padding is-layout-constrained wp-container-core-group-is-layout-eef3a808 wp-block-group-is-layout-constrained\">\n<hr class=\"animated backInRight wp-block-separator has-text-color has-luminous-vivid-amber-color has-alpha-channel-opacity has-luminous-vivid-amber-background-color has-background eplus-wrapper\" style=\"margin-top:var(--wp--preset--spacing--40);margin-bottom:var(--wp--preset--spacing--40)\"\/>\n<\/div>\n<\/div>\n\n\n<div class=\"wp-block-columns are-vertically-aligned-center eplus-wrapper is-layout-flex wp-container-core-columns-is-layout-1c5365e6 wp-block-columns-is-layout-flex eplus-styles-uid-a98267\" style=\"padding-right:10%;padding-left:10%\">\n<div class=\"animated slideInLeft delay-200ms wp-block-column is-vertically-aligned-center eplus-wrapper is-layout-flow wp-block-column-is-layout-flow\" style=\"padding-top:0;padding-right:0;padding-bottom:0;padding-left:0;flex-basis:50%\"><figure class=\"wp-block-image aligncenter size-large is-resized has-custom-border eplus-wrapper eplus-styles-uid-a12433\"><img decoding=\"async\" width=\"1024\" height=\"682\" data-attachment-id=\"4393\" data-permalink=\"https:\/\/aliyavuzcehrevakfi.org\/en\/bursfoto2\/\" data-orig-file=\"https:\/\/aliyavuzcehrevakfi.org\/wp-content\/uploads\/2023\/12\/bursfoto2.jpg\" data-orig-size=\"1600,1066\" data-comments-opened=\"1\" data-image-meta=\"{&quot;aperture&quot;:&quot;0&quot;,&quot;credit&quot;:&quot;&quot;,&quot;camera&quot;:&quot;&quot;,&quot;caption&quot;:&quot;&quot;,&quot;created_timestamp&quot;:&quot;0&quot;,&quot;copyright&quot;:&quot;&quot;,&quot;focal_length&quot;:&quot;0&quot;,&quot;iso&quot;:&quot;0&quot;,&quot;shutter_speed&quot;:&quot;0&quot;,&quot;title&quot;:&quot;&quot;,&quot;orientation&quot;:&quot;0&quot;}\" data-image-title=\"bursfoto2\" data-image-description=\"\" data-image-caption=\"\" data-large-file=\"https:\/\/aliyavuzcehrevakfi.org\/wp-content\/uploads\/2023\/12\/bursfoto2-1024x682.jpg\" src=\"https:\/\/aliyavuzcehrevakfi.org\/wp-content\/uploads\/2023\/12\/bursfoto2-1024x682.jpg\" alt=\"\" class=\"wp-image-4393\" style=\"border-radius:44px;aspect-ratio:1;object-fit:cover;width:300px;height:undefinedpx\" srcset=\"https:\/\/aliyavuzcehrevakfi.org\/wp-content\/uploads\/2023\/12\/bursfoto2-1024x682.jpg 1024w, https:\/\/aliyavuzcehrevakfi.org\/wp-content\/uploads\/2023\/12\/bursfoto2-300x200.jpg 300w, https:\/\/aliyavuzcehrevakfi.org\/wp-content\/uploads\/2023\/12\/bursfoto2-768x512.jpg 768w, https:\/\/aliyavuzcehrevakfi.org\/wp-content\/uploads\/2023\/12\/bursfoto2-1536x1023.jpg 1536w, https:\/\/aliyavuzcehrevakfi.org\/wp-content\/uploads\/2023\/12\/bursfoto2-18x12.jpg 18w, https:\/\/aliyavuzcehrevakfi.org\/wp-content\/uploads\/2023\/12\/bursfoto2-200x133.jpg 200w, https:\/\/aliyavuzcehrevakfi.org\/wp-content\/uploads\/2023\/12\/bursfoto2-1200x800.jpg 1200w, https:\/\/aliyavuzcehrevakfi.org\/wp-content\/uploads\/2023\/12\/bursfoto2.jpg 1600w\" sizes=\"(max-width: 1024px) 100vw, 1024px\" \/><\/figure><\/div>\n\n\n\n<div class=\"animated slideInRight delay-200ms wp-block-column is-vertically-aligned-center eplus-wrapper has-global-padding is-content-justification-left is-layout-constrained wp-container-core-column-is-layout-ba045ad3 wp-block-column-is-layout-constrained\" style=\"padding-right:0;padding-left:0;flex-basis:50%\">\n<h2 class=\"wp-block-heading has-text-align-center has-large-font-size eplus-wrapper\" style=\"font-style:normal;font-weight:700\"><strong>Ali Yavuz\u00e7ehre Vakf\u0131 E\u011fitim Bursu<\/strong><\/h2>\n\n\n\n<div class=\"wp-block-group eplus-wrapper has-global-padding is-content-justification-center is-layout-constrained wp-container-core-group-is-layout-be65f307 wp-block-group-is-layout-constrained\" style=\"padding-top:var(--wp--preset--spacing--40);padding-bottom:var(--wp--preset--spacing--40)\">\n<hr class=\"wp-block-separator has-text-color has-primary-color has-alpha-channel-opacity has-primary-background-color has-background eplus-wrapper\">\n<\/div>\n\n\n\n<p class=\"has-poppins-font-family eplus-wrapper wp-block-paragraph\" style=\"font-size:14px;text-transform:none\">Ali Yavuz\u00e7ehre Vakf\u0131 E\u011fitim Bursu\u00a0<strong>ba\u015fvurular\u0131 ve ba\u015fvuru kriterlerine<\/strong>\u00a0ula\u015fmak i\u00e7in;\u00a0<\/p>\n\n\n\n<p class=\"has-poppins-font-family eplus-wrapper wp-block-paragraph\" style=\"font-size:14px;text-transform:none\"><strong><a href=\"https:\/\/aliyavuzcehrevakfi.org\/en\/burs-basvuru-sartlari\/\">Linke T\u0131klay\u0131n\u0131z<\/a><\/strong><\/p>\n\n\n<p class=\"has-text-align-center has-poppins-font-family eplus-wrapper eplus-styles-uid-0c722d wp-block-paragraph\" style=\"font-size:14px;text-transform:none\"><\/p><\/div>\n<\/div>\n\n\n<hr class=\"animated backInRight wp-block-separator has-text-color has-luminous-vivid-amber-color has-alpha-channel-opacity has-luminous-vivid-amber-background-color has-background eplus-wrapper\" style=\"margin-top:var(--wp--preset--spacing--40);margin-bottom:var(--wp--preset--spacing--40)\"\/>\n\n\n\n<p class=\"eplus-wrapper wp-block-paragraph\"><\/p>","protected":false},"excerpt":{"rendered":"<p>Genel Bilgiler Yavuz\u00e7ehre ailesi, \u00fclkemizin \u0130stikbalinin gen\u00e7lerde oldu\u011funu ve gelece\u011fin ayd\u0131nl\u0131\u011fa kavu\u015fmas\u0131 i\u00e7in e\u011fitimin b\u00fcy\u00fck bir \u00f6neme sahip oldu\u011funa inanmaktad\u0131r. K\u00fclt\u00fcr ve bilgiye a\u00e7\u0131lan bu geni\u015f pencere de e\u011fitim ve \u00f6\u011frenim hayat\u0131nda gen\u00e7lerin desteklenmesi i\u00e7in b\u00fcy\u00fck bir ad\u0131m atmaktad\u0131r. Maddi deste\u011fe ihtiyac\u0131 bulunan \u00fcniversite\/lisans \u00f6\u011frencilerini Ali Yavuz\u00e7ehre Vakf\u0131 burs program\u0131yla destekler. Ayn\u0131 zamanda \u00fcniversite \u00f6\u011frencilerinin [&hellip;]<\/p>","protected":false},"author":237252097,"featured_media":2301,"parent":0,"menu_order":0,"comment_status":"closed","ping_status":"closed","template":"","meta":{"_eb_attr":"","_crdt_document":"","editor_plus_copied_stylings":"{}","advanced_seo_description":"","jetpack_seo_html_title":"","jetpack_seo_noindex":false,"footnotes":""},"class_list":["post-235","page","type-page","status-publish","has-post-thumbnail","hentry"],"jetpack_likes_enabled":true,"jetpack_sharing_enabled":true,"jetpack_shortlink":"https:\/\/wp.me\/PeXqFS-3N","_links":{"self":[{"href":"https:\/\/aliyavuzcehrevakfi.org\/en\/wp-json\/wp\/v2\/pages\/235","targetHints":{"allow":["GET"]}}],"collection":[{"href":"https:\/\/aliyavuzcehrevakfi.org\/en\/wp-json\/wp\/v2\/pages"}],"about":[{"href":"https:\/\/aliyavuzcehrevakfi.org\/en\/wp-json\/wp\/v2\/types\/page"}],"author":[{"embeddable":true,"href":"https:\/\/aliyavuzcehrevakfi.org\/en\/wp-json\/wp\/v2\/users\/237252097"}],"replies":[{"embeddable":true,"href":"https:\/\/aliyavuzcehrevakfi.org\/en\/wp-json\/wp\/v2\/comments?post=235"}],"version-history":[{"count":101,"href":"https:\/\/aliyavuzcehrevakfi.org\/en\/wp-json\/wp\/v2\/pages\/235\/revisions"}],"predecessor-version":[{"id":8612,"href":"https:\/\/aliyavuzcehrevakfi.org\/en\/wp-json\/wp\/v2\/pages\/235\/revisions\/8612"}],"wp:featuredmedia":[{"embeddable":true,"href":"https:\/\/aliyavuzcehrevakfi.org\/en\/wp-json\/wp\/v2\/media\/2301"}],"wp:attachment":[{"href":"https:\/\/aliyavuzcehrevakfi.org\/en\/wp-json\/wp\/v2\/media?parent=235"}],"curies":[{"name":"wp","href":"https:\/\/api.w.org\/{rel}","templated":true}]}}