{"id":1212,"date":"2023-07-04T20:18:08","date_gmt":"2023-07-04T17:18:08","guid":{"rendered":"https:\/\/aliyavuzcehrevakfi.org\/?page_id=1212"},"modified":"2024-07-19T17:20:55","modified_gmt":"2024-07-19T14:20:55","slug":"yurutme-kurulu","status":"publish","type":"page","link":"https:\/\/aliyavuzcehrevakfi.org\/en\/hakkimizda\/yurutme-kurulu\/","title":{"rendered":"Executive Board"},"content":{"rendered":"<h2 class=\"wp-block-heading has-text-align-center eplus-wrapper\" style=\"padding-top:var(--wp--preset--spacing--60);padding-bottom:var(--wp--preset--spacing--60);font-size:clamp(33.419px, 2.089rem + ((1vw - 3.2px) * 2.077), 60px);\"><strong>OUR EXECUTIVE BOARD<\/strong><\/h2>\n\n\n\n<div class=\"wp-block-group eplus-wrapper has-global-padding is-layout-constrained wp-block-group-is-layout-constrained\">\n<script src=\"https:\/\/code.jquery.com\/jquery-2.2.4.min.js\"><\/script>\n  <link rel=\"stylesheet\" href=\"https:\/\/maxcdn.bootstrapcdn.com\/font-awesome\/4.5.0\/css\/font-awesome.min.css\" \/>\n\n<script src=\"https:\/\/maxcdn.bootstrapcdn.com\/bootstrap\/3.3.6\/js\/bootstrap.min.js\"><\/script>\n  <link rel=\"stylesheet\" href=\"https:\/\/maxcdn.bootstrapcdn.com\/bootstrap\/3.3.6\/css\/bootstrap.min.css\" \/>\n\n<div class=\"container\">\n\n  <div class=\"row team-row\">\n\n    <div class=\"col-md-4 col-sm-6 team-wrap\">\n      <div class=\"team-member text-center\">\n        <div class=\"team-img\">\n          <img decoding=\"async\" src=\"https:\/\/aliyavuzcehrevakfi.org\/wp-content\/uploads\/2023\/07\/ahmet-yavuzcehre.jpg\" alt=\"\">\n          <div class=\"overlay\">\n            <div class=\"team-details text-center\"><h5>Ahmet Yavuz\u00e7ehre<\/h5>\n              <p>\n                Y\u00f6netim Kurulu Ba\u015fkan\u0131\n              <\/p>\n              <div class=\"socials mt-20\">\n                <a href=\"https:\/\/www.linkedin.com\/in\/ahmetyavuzcehre\/\"><i class=\"fa fa-linkedin\"><\/i><\/a>\n                <a href=\"https:\/\/www.instagram.com\/ahmetyavuzcehre\/\"><i class=\"fa fa-instagram\"><\/i><\/a>\n              <\/div>\n            <\/div>\n          <\/div>\n        <\/div>\n      <\/div>\n    <\/div>\n    <!-- end team member -->\n<div class=\"col-md-4 col-sm-6 team-wrap\">\n      <div class=\"team-member text-center\">\n        <div class=\"team-img\">\n          <img decoding=\"async\" src=\"https:\/\/aliyavuzcehrevakfi.org\/wp-content\/uploads\/2023\/07\/PINAR-SAVAS-YAVUZCEHRE.jpg\" alt=\"P\u0131nar Sava\u015f Yavuz\u00e7ehre\">\n          <div class=\"overlay\">\n            <div class=\"team-details text-center\"><h5>Prof. Dr. P\u0131nar Sava\u015f Yavuz\u00e7ehre<\/h5>\n              <p>\n                Deputy Chairman of the Executive Board\n              <\/p>\n              <div class=\"socials mt-20\">\n                <a href=\"https:\/\/www.instagram.com\/pinarsy_\/\"><i class=\"fa fa-instagram\"><\/i><\/a>\n              <\/div>\n            <\/div>\n          <\/div>\n        <\/div>\n      <\/div>\n    <\/div>\n  \n    <!-- end team member -->\n    <div class=\"col-md-4 col-sm-6 team-wrap\">\n      <div class=\"team-member text-center\">\n        <div class=\"team-img\">\n          <img decoding=\"async\" src=\"https:\/\/aliyavuzcehrevakfi.org\/wp-content\/uploads\/2023\/08\/SELINDENIZ-KARAMAN.jpg\" alt=\"\">\n          <div class=\"overlay\">\n            <div class=\"team-details text-center\"><h5>Selin Deniz Karaman\n<\/h5>\n              <p>\n                General Secretary\n              <\/p>\n              <div class=\"socials mt-20\">\n                     <a href=\"https:\/\/www.linkedin.com\/in\/selin-deniz-karaman-31ab95181\/\"><i class=\"fa fa-linkedin\"><\/i><\/a>\n                <a href=\"https:\/\/www.instagram.com\/selindenizkrmn\/\"><i class=\"fa fa-instagram\"><\/i><\/a>\n              <\/div>\n            <\/div>\n          <\/div>\n        <\/div>\n      <\/div>\n    <\/div>\n  <!-- end team member -->\n  <\/div>\n<\/div>\n<style>\n\/* Our Team\n-------------------------------------------------------*\/\n.team-member img {\n    height: 400px;\n}\n.our-team .team-row {\n  margin-left: -40px;\n  margin-right: -40px;\n}\n\n.team-wrap {\n  padding: 0 40px;\n  margin:40px 0;\n}\n.container-fluid {\n  padding: 0 50px;\n}\n\n.team-img img {\n  -webkit-transition: all .2s ease-in-out;\n  -moz-transition: all .2s ease-in-out;\n  -o-transition: all .2s ease-in-out;\n  transition: all .2s ease-in-out;\n  overflow: hidden;\n  width: 100%;\n  object-fit:cover;\n}\n\n.team-member,\n.team-img {\n  border-radius:20px;\n  position: relative;\n  overflow: hidden;\n}\n\n\n.overlay {\n  background-color: rgba(20,20,20,.7);\n  position: absolute;\n  top: 0;\n  width: 100%;\n  height: 100%;\n  opacity: 0;\n  -webkit-transition: all .2s ease-in-out;\n  -moz-transition: all .2s ease-in-out;\n  -o-transition: all .2s ease-in-out;\n  transition: all .2s ease-in-out;\n}\n\n.team-details {\n  color:white;\n  font-weight:500;\n  font-size:large;\n  opacity: 0;\n  position: absolute;\n  top: 50%;\n  left: 0;\n  padding: 5%;\n  overflow: hidden;\n  width: 100%;\n  z-index: 2;\n  -webkit-transition: all .2s ease-in-out;\n  -moz-transition: all .2s ease-in-out;\n  -o-transition: all .2s ease-in-out;\n  transition: all .2s ease-in-out;\n}\n\n.team-details p {\n  color: #fff;\n}\n.team-details h5 {\n   color:white;\n  font-weight:600;\n  font-size:large;\n  color: #fff;\n}\n.team-img:hover .team-details {\n  opacity: 1;\n  margin-top: -80px;\n}\n\n.team-img:hover .overlay {\n  opacity: 1;\n}\n\n.socials a {\n  display: inline-block;\n  width: 37px;\n  height: 37px;\n  background-color: transparent;\n}\n\n.socials i {\n  line-height: 37px;\n  color: #616161;\n  font-size: 14px;\n  width: 37px;\n  height: 37px;\n  border-radius: 50%;\n  text-align: center;\n  -webkit-transition: all 0.2s linear;\n  -moz-transition: all 0.2s linear;\n  -o-transition: all 0.2s linear;\n  -ms-transition: all 0.2s linear;\n  transition: all 0.2s linear;\n}\n\n.team-details .socials i {\n\tcolor: #fff;\n}\n\n.socials a:hover i {\n  color: #fff;\n  background-color: #355c7d;\n}\n.team-details p {\n    font-size: medium;\n    font-weight: 400;\n    font-family: 'Poppins';\n}\n<\/style>\n<\/div>","protected":false},"excerpt":{"rendered":"<p>Y\u00fcr\u00fctme Kurulumuz Ahmet Yavuz\u00e7ehre Y\u00f6netim Kurulu Ba\u015fkan\u0131 Prof. Dr. P\u0131nar Sava\u015f Yavuz\u00e7ehre Y\u00fcr\u00fctme Kurulu Ba\u015fkan Yard\u0131mc\u0131s\u0131 Selin Deniz Karaman Genel Sekreter<\/p>","protected":false},"author":237252097,"featured_media":0,"parent":239,"menu_order":0,"comment_status":"closed","ping_status":"closed","template":"","meta":{"_eb_attr":"","_crdt_document":"","editor_plus_copied_stylings":"{}","advanced_seo_description":"Ali Yavuz\u00e7ehre Vakf\u0131 Y\u00fcr\u00fctme Kurulunda kimler bulunuyor?","jetpack_seo_html_title":"Ali Yavuz\u00e7ehre Vakf\u0131 Y\u00fcr\u00fctme Kurulu","jetpack_seo_noindex":false,"footnotes":""},"class_list":["post-1212","page","type-page","status-publish","hentry"],"jetpack_likes_enabled":true,"jetpack_sharing_enabled":true,"jetpack_shortlink":"https:\/\/wp.me\/PeXqFS-jy","_links":{"self":[{"href":"https:\/\/aliyavuzcehrevakfi.org\/en\/wp-json\/wp\/v2\/pages\/1212","targetHints":{"allow":["GET"]}}],"collection":[{"href":"https:\/\/aliyavuzcehrevakfi.org\/en\/wp-json\/wp\/v2\/pages"}],"about":[{"href":"https:\/\/aliyavuzcehrevakfi.org\/en\/wp-json\/wp\/v2\/types\/page"}],"author":[{"embeddable":true,"href":"https:\/\/aliyavuzcehrevakfi.org\/en\/wp-json\/wp\/v2\/users\/237252097"}],"replies":[{"embeddable":true,"href":"https:\/\/aliyavuzcehrevakfi.org\/en\/wp-json\/wp\/v2\/comments?post=1212"}],"version-history":[{"count":91,"href":"https:\/\/aliyavuzcehrevakfi.org\/en\/wp-json\/wp\/v2\/pages\/1212\/revisions"}],"predecessor-version":[{"id":5336,"href":"https:\/\/aliyavuzcehrevakfi.org\/en\/wp-json\/wp\/v2\/pages\/1212\/revisions\/5336"}],"up":[{"embeddable":true,"href":"https:\/\/aliyavuzcehrevakfi.org\/en\/wp-json\/wp\/v2\/pages\/239"}],"wp:attachment":[{"href":"https:\/\/aliyavuzcehrevakfi.org\/en\/wp-json\/wp\/v2\/media?parent=1212"}],"curies":[{"name":"wp","href":"https:\/\/api.w.org\/{rel}","templated":true}]}}